{"id":26,"date":"2022-08-16T13:25:49","date_gmt":"2022-08-16T13:25:49","guid":{"rendered":"https:\/\/purppurapuu.art\/?page_id=26"},"modified":"2025-02-27T13:55:26","modified_gmt":"2025-02-27T13:55:26","slug":"blog","status":"publish","type":"page","link":"https:\/\/purppurapuu.fi\/?page_id=26","title":{"rendered":"Blogi"},"content":{"rendered":"\n<figure class=\"wp-block-image size-large is-style-default\"><img loading=\"lazy\" decoding=\"async\" width=\"576\" height=\"1024\" src=\"https:\/\/purppurapuu.fi\/wp-content\/uploads\/2023\/10\/Runo-samille2023-576x1024.jpg\" alt=\"\" class=\"wp-image-1399\" srcset=\"https:\/\/purppurapuu.fi\/wp-content\/uploads\/2023\/10\/Runo-samille2023-576x1024.jpg 576w, https:\/\/purppurapuu.fi\/wp-content\/uploads\/2023\/10\/Runo-samille2023-169x300.jpg 169w, https:\/\/purppurapuu.fi\/wp-content\/uploads\/2023\/10\/Runo-samille2023-768x1365.jpg 768w, https:\/\/purppurapuu.fi\/wp-content\/uploads\/2023\/10\/Runo-samille2023-864x1536.jpg 864w, https:\/\/purppurapuu.fi\/wp-content\/uploads\/2023\/10\/Runo-samille2023-1152x2048.jpg 1152w, https:\/\/purppurapuu.fi\/wp-content\/uploads\/2023\/10\/Runo-samille2023-scaled.jpg 1440w\" sizes=\"(max-width: 576px) 100vw, 576px\" \/><\/figure>\n\n\n\n<h2 class=\"wp-block-heading\">Rakkauteni<\/h2>\n\n\n\n<p class=\"has-text-align-left\">Pyysin ja kiitin, olithan jo olemassa. <\/p>\n\n\n\n<p>Pyysin rinnalleni kulkemaan,<\/p>\n\n\n\n<p>el\u00e4m\u00e4\u00e4ni jakamaan.<\/p>\n\n\n\n<p>Jaoin tyhjyyteen ajatuksen, toiveeni.<\/p>\n\n\n\n<p>Rakkauteni, hyvyyteni ilmaisin.<\/p>\n\n\n\n<p>Pyysin jotain niin samanlaista,<\/p>\n\n\n\n<p>Is\u00e4\u00e4ni ihailin.<\/p>\n\n\n\n<p>Sain jotain niin ainutlaatuista,<\/p>\n\n\n\n<p>enemm\u00e4n kuin ajattelin.<\/p>\n\n\n\n<p>Sain rakkauden aidon, ilon el\u00e4m\u00e4\u00e4ni.<\/p>\n\n\n\n<p>Sulatit j\u00e4isen kuoreni, jolloin sain itseni takaisin.<\/p>\n\n\n\n<p>Pyysin ja kiitin. Sain sinut el\u00e4m\u00e4ni rakkauden.<\/p>\n\n\n\n<p>Sain sinut Ilon p\u00e4iv\u00e4\u00e4ni.<\/p>\n\n\n\n<p><\/p>\n\n\n\n<figure class=\"wp-block-image size-large\"><img loading=\"lazy\" decoding=\"async\" width=\"576\" height=\"1024\" src=\"https:\/\/purppurapuu.fi\/wp-content\/uploads\/2022\/10\/Blogi_pystykuva-576x1024.jpg\" alt=\"\" class=\"wp-image-1318\" srcset=\"https:\/\/purppurapuu.fi\/wp-content\/uploads\/2022\/10\/Blogi_pystykuva-576x1024.jpg 576w, https:\/\/purppurapuu.fi\/wp-content\/uploads\/2022\/10\/Blogi_pystykuva-169x300.jpg 169w, https:\/\/purppurapuu.fi\/wp-content\/uploads\/2022\/10\/Blogi_pystykuva-768x1365.jpg 768w, https:\/\/purppurapuu.fi\/wp-content\/uploads\/2022\/10\/Blogi_pystykuva-864x1536.jpg 864w, https:\/\/purppurapuu.fi\/wp-content\/uploads\/2022\/10\/Blogi_pystykuva.jpg 1080w\" sizes=\"(max-width: 576px) 100vw, 576px\" \/><\/figure>\n\n\n\n<h2 class=\"wp-block-heading\">Tumma syd\u00e4n<\/h2>\n\n\n\n<p>Repii riipii Syd\u00e4meni varjo, varjoni tumma tuomitseva.<\/p>\n\n\n\n<p>Olenko min\u00e4 t\u00e4m\u00e4n itse luonut vangiksi el\u00e4m\u00e4ni omaan.<\/p>\n\n\n\n<p>Mist\u00e4 on t\u00e4m\u00e4 pilvi tullut, tuo tumma ja pelottava.<\/p>\n\n\n\n<p>Kaipuu kotiin ilon ja valon, etsin nyt turvaa jaloa.<\/p>\n\n\n\n<p>Itse voin p\u00e4\u00e4tt\u00e4\u00e4, valitsen polun, kiitt\u00e4en varjoni viesti\u00e4.<\/p>\n\n\n\n<p>Jokainen meist\u00e4 voi varjon oppia, el\u00e4m\u00e4n polun vierell\u00e4.<\/p>\n\n\n\n<p>Siit\u00e4 opin valon voiman, varjoni puolen seuraten.<\/p>\n\n\n\n<p>Valoni voittaa syd\u00e4men tumman, kiitt\u00e4en ja oppien.<\/p>\n\n\n\n<p>On aikani opetta muita valosta voimaannun.<\/p>\n\n\n\n<p>Tuoden muille tarinaa, syd\u00e4men tumman oppia.<\/p>\n\n\n\n<p>Sinulla on se voima ja valo, valita polkusi suunta.<\/p>\n\n\n\n<p>Tuoden el\u00e4m\u00e4\u00e4n ohjeen oman, syd\u00e4meeni tukeudun.<\/p>\n\n\n\n<p id=\"runojaeheytymisest\u00e4\">-Johanna Ketola<\/p>\n\n\n\n<figure class=\"wp-block-image size-large\"><img loading=\"lazy\" decoding=\"async\" width=\"921\" height=\"1024\" src=\"https:\/\/purppurapuu.fi\/wp-content\/uploads\/2025\/02\/1740663757049-921x1024.jpg\" alt=\"\" class=\"wp-image-1518\" srcset=\"https:\/\/purppurapuu.fi\/wp-content\/uploads\/2025\/02\/1740663757049-921x1024.jpg 921w, https:\/\/purppurapuu.fi\/wp-content\/uploads\/2025\/02\/1740663757049-270x300.jpg 270w, https:\/\/purppurapuu.fi\/wp-content\/uploads\/2025\/02\/1740663757049-768x854.jpg 768w, https:\/\/purppurapuu.fi\/wp-content\/uploads\/2025\/02\/1740663757049.jpg 1080w\" sizes=\"(max-width: 921px) 100vw, 921px\" \/><\/figure>\n","protected":false},"excerpt":{"rendered":"<p>Rakkauteni Pyysin ja kiitin, olithan jo olemassa. Pyysin rinnalleni kulkemaan, el\u00e4m\u00e4\u00e4ni jakamaan. Jaoin tyhjyyteen ajatuksen, toiveeni. Rakkauteni, hyvyyteni ilmaisin. Pyysin jotain niin samanlaista, Is\u00e4\u00e4ni ihailin. Sain jotain niin ainutlaatuista, enemm\u00e4n kuin ajattelin. Sain rakkauden aidon, ilon el\u00e4m\u00e4\u00e4ni. Sulatit j\u00e4isen kuoreni, jolloin sain itseni takaisin. Pyysin ja kiitin. Sain sinut el\u00e4m\u00e4ni rakkauden. Sain sinut Ilon p\u00e4iv\u00e4\u00e4ni. [&hellip;]<\/p>\n","protected":false},"author":4,"featured_media":0,"parent":0,"menu_order":0,"comment_status":"closed","ping_status":"closed","template":"","meta":{"_acf_changed":false,"footnotes":""},"class_list":["post-26","page","type-page","status-publish","hentry"],"acf":[],"_links":{"self":[{"href":"https:\/\/purppurapuu.fi\/index.php?rest_route=\/wp\/v2\/pages\/26","targetHints":{"allow":["GET"]}}],"collection":[{"href":"https:\/\/purppurapuu.fi\/index.php?rest_route=\/wp\/v2\/pages"}],"about":[{"href":"https:\/\/purppurapuu.fi\/index.php?rest_route=\/wp\/v2\/types\/page"}],"author":[{"embeddable":true,"href":"https:\/\/purppurapuu.fi\/index.php?rest_route=\/wp\/v2\/users\/4"}],"replies":[{"embeddable":true,"href":"https:\/\/purppurapuu.fi\/index.php?rest_route=%2Fwp%2Fv2%2Fcomments&post=26"}],"version-history":[{"count":7,"href":"https:\/\/purppurapuu.fi\/index.php?rest_route=\/wp\/v2\/pages\/26\/revisions"}],"predecessor-version":[{"id":1520,"href":"https:\/\/purppurapuu.fi\/index.php?rest_route=\/wp\/v2\/pages\/26\/revisions\/1520"}],"wp:attachment":[{"href":"https:\/\/purppurapuu.fi\/index.php?rest_route=%2Fwp%2Fv2%2Fmedia&parent=26"}],"curies":[{"name":"wp","href":"https:\/\/api.w.org\/{rel}","templated":true}]}}