{"id":1305,"date":"2022-10-13T11:37:18","date_gmt":"2022-10-13T11:37:18","guid":{"rendered":"https:\/\/purppurapuu.art\/?page_id=1305"},"modified":"2025-11-04T11:01:14","modified_gmt":"2025-11-04T11:01:14","slug":"verkkokurssi","status":"publish","type":"page","link":"https:\/\/purppurapuu.fi\/?page_id=1305","title":{"rendered":"Hieronnat"},"content":{"rendered":"<p><img decoding=\"async\" src=\"\/wp-content\/uploads\/2022\/10\/Purppurapuu_hieronta_1920.jpg\" alt=\"\"><\/p>\n<div>\n<h2>Hieronnat<\/h2>\n<\/div>\n<div>\n<h3>Qua Sha &#8211; Hieronta<\/h3>\n<\/div>\n<div>\n<p>Qua Sha hieronta on per\u00e4isin kiinalaisesta kulttuurista. Lempe\u00e4 hieronta tapahtuu erilaisia sileit\u00e4 kivi\u00e4 hy\u00f6dynt\u00e4m\u00e4ll\u00e4. Liu\u00fattaen kive\u00e4 iholla \u00f6ljyn kanssa, pehment\u00e4en kehon kireyksi\u00e4, auttaen hermostoa tasapainottumaan samalla Stressitilat kehossa keventyv\u00e4t.<\/p>\n<p>Kiinalainen ajatusmalli on, ett\u00e4 ihmisess\u00e4 virtaa Qi energiaa meridiaaneissa. Joka kuvaa el\u00e4m\u00e4n energiaa, kuin hengityst\u00e4 omaan kehoon, temppeliin. Ihminen ottaa vastaan energiaa sek\u00e4 ulkoa, ett\u00e4 my\u00f6s itsest\u00e4\u00e4n eletyn el\u00e4m\u00e4n varrella. Jotkin vaivat kehossa saattaa tulla esiin tunteiden kautta ja esiinty\u00e4 kehollisena kuona aineiden tukoksina lihaksistossa. Jossa tapahtuu Qi energian hidastuminen ja hermoston ylikuormitus.<\/p>\n<p>Kivell\u00e4 hieronta antaa mahdollisuuden vapauttaa Qi energiaa meridiaaneja hy\u00f6dynt\u00e4en. Ja kuormitus ja tukokset elimist\u00f6ss\u00e4 eheytyv\u00e4t. N\u00e4m\u00e4 kuormat saattavat aiheuttaa my\u00f6s ihmisen sis\u00e4elimille suurta kuormaa. Hieronta auttaa sis\u00e4elimi\u00e4 my\u00f6s tuottamaan keholle sit\u00e4 apua, mik\u00e4 on luonnollista kehon tasapainon uudelleen luomiseen.<\/p>\n<\/div>\n<p><img decoding=\"async\" src=\"\/wp-content\/uploads\/2022\/10\/Purppurapuu_Energiahoito_1920.jpg\" alt=\"\"><\/p>\n<div>\n<h3>Intialainen P\u00e4\u00e4- ja hartiahieronta<\/h3>\n<\/div>\n<div>\n<p>Intialainen p\u00e4\u00e4 ja hartiahieronta kuuluu Ayerveda filosofiaan. T\u00e4m\u00e4 menetelm\u00e4 on kehon akupisteit\u00e4 ja hermostoa stimuloiva ja rentouttava menetelm\u00e4 hieroa pehme\u00e4sti ja rentouttavasti yl\u00e4kehon, niskan, p\u00e4\u00e4n ja kasvon alueita.<\/p>\n<p>Hieronta on tunnettu siit\u00e4, ett\u00e4 hieronta tapahtuu istueltaan, miss\u00e4 vain ja milloin vain. Hierontaa voidaan tehd\u00e4 kaiken ik\u00e4isille. Joitakin tapauksia kuitenkin kartoittaen. Kun hieronta tapahtuu voimakkaasti my\u00f6s akupisteit\u00e4 stimuloiden, v\u00e4lt\u00e4n hieroa t\u00e4ll\u00f6in,<\/p>\n<ul>\n<li>Asiakas on raskaus ajan alku tai loppuvaiheessa.<\/li>\n<li>Asiakas on juuri sy\u00f6p\u00e4hoitojen l\u00e4\u00e4kint\u00e4vaiheessa.<\/li>\n<li>My\u00f6s jos asiakkaalla on ollut aivoveren kiertoh\u00e4iri\u00f6it\u00e4<\/li>\n<\/ul>\n<p>Hieronta auttaa hienosti sinulle,\u00a0<\/p>\n<ul>\n<li>Migreenin hoitoon<\/li>\n<li>Lihasjumeihin<\/li>\n<li>Hermoston tasapainottamiseen<\/li>\n<li>Mielialojen tasapainottamiseen<\/li>\n<li>Verenpaineen tasapainottamiseen<\/li>\n<li>Energiatasojen\/v\u00e4r\u00e4htelyn nostamiseen<\/li>\n<\/ul>\n<\/div>\n<p><!--more--><br \/>\n<!-- {\"type\":\"layout\",\"children\":[{\"name\":\"Hero\",\"type\":\"section\",\"props\":{\"image_position\":\"center-center\",\"padding_remove_top\":true,\"style\":\"default\",\"title_breakpoint\":\"xl\",\"title_position\":\"top-left\",\"title_rotation\":\"left\",\"vertical_align\":\"\",\"width\":\"\"},\"children\":[{\"type\":\"row\",\"children\":[{\"type\":\"column\",\"props\":{\"image_position\":\"center-center\",\"position_sticky_breakpoint\":\"m\",\"width_medium\":\"1-1\"},\"children\":[{\"type\":\"image\",\"props\":{\"image\":\"wp-content\\\/uploads\\\/2022\\\/10\\\/Purppurapuu_hieronta_1920.jpg\",\"image_svg_color\":\"emphasis\",\"margin\":\"default\"}}]}]},{\"type\":\"row\",\"children\":[{\"type\":\"column\",\"props\":{\"image_position\":\"center-center\",\"position_sticky_breakpoint\":\"m\"},\"children\":[{\"type\":\"text\",\"props\":{\"column_breakpoint\":\"m\",\"content\":\"\n\n<h2>Hieronnat<\\\/h2>\",\"margin\":\"default\"}}]}]},{\"type\":\"row\",\"children\":[{\"type\":\"column\",\"props\":{\"image_position\":\"center-center\",\"position_sticky_breakpoint\":\"m\"},\"children\":[{\"type\":\"text\",\"props\":{\"column_breakpoint\":\"m\",\"content\":\"\n\n<h3>Qua Sha - Hieronta<\\\/h3>\",\"margin\":\"default\"}},{\"type\":\"text\",\"props\":{\"column_breakpoint\":\"m\",\"content\":\"\n\n<p>Qua Sha hieronta on per\\u00e4isin kiinalaisesta kulttuurista. Lempe\\u00e4 hieronta tapahtuu erilaisia sileit\\u00e4 kivi\\u00e4 hy\\u00f6dynt\\u00e4m\\u00e4ll\\u00e4. Liu\\u00fattaen kive\\u00e4 iholla \\u00f6ljyn kanssa, pehment\\u00e4en kehon kireyksi\\u00e4, auttaen hermostoa tasapainottumaan samalla Stressitilat kehossa keventyv\\u00e4t.<\\\/p>\\n\n\n<p>Kiinalainen ajatusmalli on, ett\\u00e4 ihmisess\\u00e4 virtaa Qi energiaa meridiaaneissa. Joka kuvaa el\\u00e4m\\u00e4n energiaa, kuin hengityst\\u00e4 omaan kehoon, temppeliin. Ihminen ottaa vastaan energiaa sek\\u00e4 ulkoa, ett\\u00e4 my\\u00f6s itsest\\u00e4\\u00e4n eletyn el\\u00e4m\\u00e4n varrella. Jotkin vaivat kehossa saattaa tulla esiin tunteiden kautta ja esiinty\\u00e4 kehollisena kuona aineiden tukoksina lihaksistossa. Jossa tapahtuu Qi energian hidastuminen ja hermoston ylikuormitus.<\\\/p>\\n\n\n<p>Kivell\\u00e4 hieronta antaa mahdollisuuden vapauttaa Qi energiaa meridiaaneja hy\\u00f6dynt\\u00e4en. Ja kuormitus ja tukokset elimist\\u00f6ss\\u00e4 eheytyv\\u00e4t. N\\u00e4m\\u00e4 kuormat saattavat aiheuttaa my\\u00f6s ihmisen sis\\u00e4elimille suurta kuormaa. Hieronta auttaa sis\\u00e4elimi\\u00e4 my\\u00f6s tuottamaan keholle sit\\u00e4 apua, mik\\u00e4 on luonnollista kehon tasapainon uudelleen luomiseen.<\\\/p>\",\"margin\":\"default\"}},{\"type\":\"image\",\"props\":{\"image\":\"wp-content\\\/uploads\\\/2022\\\/10\\\/Purppurapuu_Energiahoito_1920.jpg\",\"image_svg_color\":\"emphasis\",\"margin\":\"default\"}},{\"type\":\"text\",\"props\":{\"column_breakpoint\":\"m\",\"content\":\"\n\n<h3>Intialainen P\\u00e4\\u00e4- ja hartiahieronta<\\\/h3>\",\"margin\":\"default\"}},{\"type\":\"text\",\"props\":{\"column_breakpoint\":\"m\",\"content\":\"\n\n<p>Intialainen p\\u00e4\\u00e4 ja hartiahieronta kuuluu Ayerveda filosofiaan. T\\u00e4m\\u00e4 menetelm\\u00e4 on kehon akupisteit\\u00e4 ja hermostoa stimuloiva ja rentouttava menetelm\\u00e4 hieroa pehme\\u00e4sti ja rentouttavasti yl\\u00e4kehon, niskan, p\\u00e4\\u00e4n ja kasvon alueita.<\\\/p>\\n\n\n<p>Hieronta on tunnettu siit\\u00e4, ett\\u00e4 hieronta tapahtuu istueltaan, miss\\u00e4 vain ja milloin vain. Hierontaa voidaan tehd\\u00e4 kaiken ik\\u00e4isille. Joitakin tapauksia kuitenkin kartoittaen. Kun hieronta tapahtuu voimakkaasti my\\u00f6s akupisteit\\u00e4 stimuloiden, v\\u00e4lt\\u00e4n hieroa t\\u00e4ll\\u00f6in,<\\\/p>\\n\n\n<ul>\\n\n\n<li>Asiakas on raskaus ajan alku tai loppuvaiheessa.<\\\/li>\\n\n\n<li>Asiakas on juuri sy\\u00f6p\\u00e4hoitojen l\\u00e4\\u00e4kint\\u00e4vaiheessa.<\\\/li>\\n\n\n<li>My\\u00f6s jos asiakkaalla on ollut aivoveren kiertoh\\u00e4iri\\u00f6it\\u00e4<\\\/li>\\n<\\\/ul>\\n\n\n<p>Hieronta auttaa hienosti sinulle,\\u00a0<\\\/p>\\n\n\n<ul>\\n\n\n<li>Migreenin hoitoon<\\\/li>\\n\n\n<li>Lihasjumeihin<\\\/li>\\n\n\n<li>Hermoston tasapainottamiseen<\\\/li>\\n\n\n<li>Mielialojen tasapainottamiseen<\\\/li>\\n\n\n<li>Verenpaineen tasapainottamiseen<\\\/li>\\n\n\n<li>Energiatasojen\\\/v\\u00e4r\\u00e4htelyn nostamiseen<\\\/li>\\n<\\\/ul>\",\"margin\":\"default\"}}]}]},{\"type\":\"row\",\"children\":[{\"type\":\"column\",\"props\":{\"image_position\":\"center-center\",\"position_sticky_breakpoint\":\"m\"}}]}]},{\"name\":\"How we met\",\"type\":\"section\",\"props\":{\"image_position\":\"center-center\",\"padding\":\"large\",\"padding_remove_bottom\":false,\"style\":\"default\",\"title\":\"Rentoutus valmennus\",\"title_breakpoint\":\"xl\",\"title_position\":\"center-left\",\"title_rotation\":\"left\",\"vertical_align\":\"\",\"width\":\"\"},\"children\":[{\"type\":\"row\",\"props\":{\"layout\":\"1-2,1-2\",\"width\":\"expand\"},\"children\":[{\"type\":\"column\",\"props\":{\"image_position\":\"center-center\",\"position_sticky_breakpoint\":\"m\",\"vertical_align\":\"middle\",\"width_medium\":\"1-2\"}},{\"type\":\"column\",\"props\":{\"image_position\":\"center-center\",\"position_sticky_breakpoint\":\"m\",\"style\":\"tile-muted\",\"vertical_align\":\"middle\",\"width_medium\":\"1-2\"}}]}]}],\"version\":\"4.5.31\"} --><\/p>\n","protected":false},"excerpt":{"rendered":"<p>Hieronnat Qua Sha &#8211; Hieronta Qua Sha hieronta on per\u00e4isin kiinalaisesta kulttuurista. Lempe\u00e4 hieronta tapahtuu erilaisia sileit\u00e4 kivi\u00e4 hy\u00f6dynt\u00e4m\u00e4ll\u00e4. Liu\u00fattaen kive\u00e4 iholla \u00f6ljyn kanssa, pehment\u00e4en kehon kireyksi\u00e4, auttaen hermostoa tasapainottumaan samalla Stressitilat kehossa keventyv\u00e4t. Kiinalainen ajatusmalli on, ett\u00e4 ihmisess\u00e4 virtaa Qi energiaa meridiaaneissa. Joka kuvaa el\u00e4m\u00e4n energiaa, kuin hengityst\u00e4 omaan kehoon, temppeliin. Ihminen ottaa vastaan [&hellip;]<\/p>\n","protected":false},"author":1,"featured_media":0,"parent":0,"menu_order":0,"comment_status":"closed","ping_status":"closed","template":"","meta":{"_acf_changed":false,"footnotes":""},"class_list":["post-1305","page","type-page","status-publish","hentry"],"acf":[],"_links":{"self":[{"href":"https:\/\/purppurapuu.fi\/index.php?rest_route=\/wp\/v2\/pages\/1305","targetHints":{"allow":["GET"]}}],"collection":[{"href":"https:\/\/purppurapuu.fi\/index.php?rest_route=\/wp\/v2\/pages"}],"about":[{"href":"https:\/\/purppurapuu.fi\/index.php?rest_route=\/wp\/v2\/types\/page"}],"author":[{"embeddable":true,"href":"https:\/\/purppurapuu.fi\/index.php?rest_route=\/wp\/v2\/users\/1"}],"replies":[{"embeddable":true,"href":"https:\/\/purppurapuu.fi\/index.php?rest_route=%2Fwp%2Fv2%2Fcomments&post=1305"}],"version-history":[{"count":41,"href":"https:\/\/purppurapuu.fi\/index.php?rest_route=\/wp\/v2\/pages\/1305\/revisions"}],"predecessor-version":[{"id":1581,"href":"https:\/\/purppurapuu.fi\/index.php?rest_route=\/wp\/v2\/pages\/1305\/revisions\/1581"}],"wp:attachment":[{"href":"https:\/\/purppurapuu.fi\/index.php?rest_route=%2Fwp%2Fv2%2Fmedia&parent=1305"}],"curies":[{"name":"wp","href":"https:\/\/api.w.org\/{rel}","templated":true}]}}