{"id":1255,"date":"2022-10-13T10:57:18","date_gmt":"2022-10-13T10:57:18","guid":{"rendered":"https:\/\/purppurapuu.art\/?page_id=1255"},"modified":"2025-11-04T12:37:35","modified_gmt":"2025-11-04T12:37:35","slug":"tiibetilainen-aanimalja-hoito","status":"publish","type":"page","link":"https:\/\/purppurapuu.fi\/?page_id=1255","title":{"rendered":"Tiibetil\u00e4inen \u00c4\u00e4nimaljahoito ja Qi Gong"},"content":{"rendered":"<div>\n<p>    <img decoding=\"async\" src=\"\/wp-content\/uploads\/2022\/10\/Purppurapuu_tiibetilainen_aanimalja_hoito_aamimaljat_1920.jpg\" alt=\"\"><\/p>\n<\/div>\n<div>\n<div>Tiibetil\u00e4inen \u00e4\u00e4nimalja hoito<\/div>\n<div>\n<div>\n<div class=\"wp-block-cover__inner-container\">\n<p class=\"has-text-align-center has-ast-global-color-4-color has-text-color\" style=\"text-align: left;\">Tiibetil\u00e4inen \u00c4\u00e4nimalja hoito on 5000 vuotta vanha syv\u00e4rentoutus menetelm\u00e4, joka perustuu Veda-menetelm\u00e4\u00e4n. \u00c4\u00e4nell\u00e4 on valtavan parantava ja hoitava vaikutus. \u00c4\u00e4nimaljojen \u00e4\u00e4net vaikuttavat meihin my\u00f6t\u00e4v\u00e4r\u00e4htelyn ja \u00e4\u00e4niaaltojen avulla. Meid\u00e4n kehomme koostuu p\u00e4\u00e4osin vedest\u00e4, ja luonnossa vesi v\u00e4r\u00e4htelee niin kuin meiss\u00e4 ihmisiss\u00e4kin.<br \/>\u00c4\u00e4ni ulottuu sinne minne hoitajan k\u00e4det eiv\u00e4t yll\u00e4, aina solutasolle asti. Hoito auttaa meid\u00e4n kehoa rentoutumaan ja mielt\u00e4 tasaantumaan. Hoidossa \u00e4\u00e4nimaljoja soitetaan kehon eri osissa. Hoito voidaan tehd\u00e4 my\u00f6s ryhmille, jolloin \u00e4\u00e4niaallot tavoittaa jokaisen ilman maljojen kosketusta fyysiseen kehoon.<\/p>\n<p style=\"text-align: left;\">\u00c4\u00e4ni ja v\u00e4r\u00e4htely pyrkii saamaan kehon v\u00e4r\u00e4htely tason harmoniseksi. \u00c4\u00e4nimalja hoito soveltuu monenlaisiin kehon ja mielen haasteiden hoitoon. Syv\u00e4rentoutukseen, silloin kun haluat helpotusta stressin tuomiin ahdistuksiin. Keskittymish\u00e4iri\u00f6\u00f6n, unettomuuteen ja kaikkeen mik\u00e4 kehossa on ep\u00e4tasapainossa.<\/p>\n<\/div>\n<p style=\"text-align: left;\">Yksil\u00f6hoitona:<\/p>\n<p style=\"text-align: left;\">Saat yksil\u00f6hoidon matkan omaan itseesi. Olemalla l\u00e4sn\u00e4 omassa kehossa \u00e4\u00e4nimaljojen \u00e4\u00e4nen viedess\u00e4 sinut syv\u00e4\u00e4n olemukseen. Antamalla aikaa juuri itsellesi. T\u00e4rkeimm\u00e4lle ihmiselle omassa el\u00e4m\u00e4ss\u00e4si. Vapauttamaan stressitiloja ja tuntemuksia. Palauttaen oman kehon tasapainon t\u00e4ss\u00e4 hetkess\u00e4.<\/p>\n<p style=\"text-align: left;\">Ryhmille:<\/p>\n<div>\n<div>\n<ul>\n<li style=\"text-align: left;\">\u00c4\u00e4nimalja ryhmille r\u00e4\u00e4t\u00e4l\u00f6id\u00e4\u00e4n ryhm\u00e4n tarpeiden mukaisesti.<\/li>\n<li style=\"text-align: left;\">Osallistujia voi olla 2-20 ja my\u00f6s enemm\u00e4n jos ryhm\u00e4 niin m\u00e4\u00e4rittelee.<\/li>\n<li style=\"text-align: left;\">Ryhm\u00e4ss\u00e4 voi olla niin lapset ja aikuiset. Koostua miehist\u00e4 ja naisista.<\/li>\n<li style=\"text-align: left;\">Ryhm\u00e4ss\u00e4 voi olla niin ensikertalaiset kuin kauemmin \u00e4\u00e4nimaljahoidoissa k\u00e4yneet konkarit.<\/li>\n<\/ul>\n<p>Ota yhteytt\u00e4 suoraan minuun, jotta voimme juuri sinun ryhm\u00e4lle r\u00e4\u00e4t\u00e4l\u00f6id\u00e4 oikeanlainen kokonaisuus.<\/p>\n<p>johanna@purppurapuu.fi<\/p>\n<\/div>\n<\/div>\n<\/div>\n<\/div>\n<\/div>\n<p><iframe src=\"https:\/\/www.youtube.com\/watch?v=vyNl1hKJGXk\"><\/iframe><\/p>\n<div>\n<h1>Qi gong ja \u00c4\u00e4nimaljat<\/h1>\n<div class=\"xdj266r x11i5rnm xat24cr x1mh8g0r x1vvkbs\">Tervetuloa kokemaan Qi Gong ja \u00c4\u00e4nimaljat yhdess\u00e4. Qi Gong on kiinalainen oppi, joka tarkoittaa liikett\u00e4, hengityst\u00e4 vapaasti omassa kehossa. Pyrkim\u00e4tt\u00e4 liikaa ohjaamaan kehoa liikkeeseen, vaan vapaasti hengityksen avulla vieden el\u00e4m\u00e4n hengityst\u00e4 eli Qi energiaa kehon jokaiseen osaan.<\/div>\n<div class=\"x11i5rnm xat24cr x1mh8g0r x1vvkbs xtlvy1s\">Liike sarjat ovat helppoja ja sopivat jokaiselle, ei tarvitse olla notkea tai hyv\u00e4 kuntoinen. Jokainen tekee omaan tahtiin omaan kehon sallimissa tahdissa.<\/div>\n<div><\/div>\n<div>Tarjoan yrityksille ja yhteis\u00f6ille Tyky-p\u00e4ivi\u00e4 Qigong ja \u00e4\u00e4nimaljojen syv\u00e4rentoutus menetelm\u00e4\u00e4, kokea oma keho, mieli ja tietoisuus. Keholle keveytt\u00e4 liikesarjojen kautta, jossa avain sana on hengitys ja \u00e4\u00e4nimaljojen \u00e4\u00e4nen johdolla keho saa syv\u00e4rentoutuksen, jossa stressitilat kevenee ja keho p\u00e4\u00e4see luonnolliseen tasapainoon.<\/div>\n<div><\/div>\n<div>Yhteyden otot suoraan minulle ja sovimme teid\u00e4n yhteis\u00f6lle sopiva hetki.<\/div>\n<div><\/div>\n<div>Johanna Ketola\u00a0<\/div>\n<div>johanna@purppurapuu.fi<\/div>\n<div>0503228420<\/div>\n<\/div>\n<p><img decoding=\"async\" src=\"\/wp-content\/uploads\/2025\/06\/Green-and-Beige-Yoga-Instagram-Post.png\" alt=\"\"><\/p>\n<p><!--more--><br \/>\n<!-- {\"type\":\"layout\",\"children\":[{\"name\":\"Hero\",\"type\":\"section\",\"props\":{\"image_position\":\"center-center\",\"padding_remove_top\":true,\"style\":\"default\",\"title_breakpoint\":\"xl\",\"title_position\":\"top-left\",\"title_rotation\":\"left\",\"vertical_align\":\"\",\"width\":\"\"},\"children\":[{\"type\":\"row\",\"children\":[{\"type\":\"column\",\"props\":{\"image_position\":\"center-center\",\"position_sticky_breakpoint\":\"m\",\"width_medium\":\"1-1\"},\"children\":[{\"type\":\"slideshow\",\"props\":{\"image_loading\":true,\"image_width\":\"2560\",\"link_style\":\"default\",\"link_text\":\"Read more\",\"margin\":\"default\",\"meta_align\":\"above-title\",\"meta_element\":\"div\",\"meta_style\":\"text-meta\",\"nav\":\"dotnav\",\"nav_align\":\"center\",\"nav_breakpoint\":\"\",\"nav_position\":\"bottom-center\",\"nav_position_margin\":\"medium\",\"overlay_animation\":\"parallax\",\"overlay_container\":\"default\",\"overlay_position\":\"bottom-left\",\"overlay_width\":\"medium\",\"show_content\":true,\"show_link\":true,\"show_meta\":true,\"show_thumbnail\":true,\"show_title\":true,\"slidenav\":\"default\",\"slidenav_breakpoint\":\"l\",\"slidenav_hover\":true,\"slidenav_large\":true,\"slidenav_margin\":\"medium\",\"slidenav_outside_breakpoint\":\"xl\",\"slideshow_animation\":\"push\",\"slideshow_autoplay_pause\":true,\"slideshow_height\":\"viewport\",\"slideshow_height_offset_top\":true,\"slideshow_max_height\":\"1056\",\"slideshow_min_height\":\"380\",\"slideshow_ratio\":\"1920:1056\",\"text_color\":\"light\",\"thumbnav_height\":\"75\",\"thumbnav_svg_color\":\"emphasis\",\"thumbnav_width\":\"100\",\"title_element\":\"div\",\"title_hover_style\":\"reset\",\"title_style\":\"heading-small\"},\"children\":[{\"type\":\"slideshow_item\",\"props\":{\"image\":\"wp-content\\\/uploads\\\/2022\\\/10\\\/Purppurapuu_tiibetilainen_aanimalja_hoito_aamimaljat_1920.jpg\",\"meta\":\"\",\"title\":\"\"}}]}]}]}]},{\"type\":\"section\",\"props\":{\"image_position\":\"center-center\",\"padding\":\"large\",\"padding_remove_bottom\":false,\"style\":\"default\",\"title\":\"Tiibetil\\u00e4inen \\u00e4\\u00e4nimalja hoito\",\"title_breakpoint\":\"xl\",\"title_position\":\"center-left\",\"title_rotation\":\"left\",\"vertical_align\":\"\",\"width\":\"\"},\"children\":[{\"type\":\"row\",\"props\":{\"layout\":\"1-2,1-2\",\"width\":\"expand\"},\"children\":[{\"type\":\"column\",\"props\":{\"image_position\":\"center-center\",\"position_sticky_breakpoint\":\"m\",\"vertical_align\":\"middle\",\"width_medium\":\"1-2\"},\"children\":[{\"type\":\"panel\",\"props\":{\"block_align\":\"center\",\"content\":\"\n\n<div>\\n\n\n<div class=\\\"wp-block-cover__inner-container\\\">\\n\n\n<p class=\\\"has-text-align-center has-ast-global-color-4-color has-text-color\\\" style=\\\"text-align: left;\\\">Tiibetil\\u00e4inen \\u00c4\\u00e4nimalja hoito on 5000 vuotta vanha syv\\u00e4rentoutus menetelm\\u00e4, joka perustuu Veda-menetelm\\u00e4\\u00e4n. \\u00c4\\u00e4nell\\u00e4 on valtavan parantava ja hoitava vaikutus. \\u00c4\\u00e4nimaljojen \\u00e4\\u00e4net vaikuttavat meihin my\\u00f6t\\u00e4v\\u00e4r\\u00e4htelyn ja \\u00e4\\u00e4niaaltojen avulla. Meid\\u00e4n kehomme koostuu p\\u00e4\\u00e4osin vedest\\u00e4, ja luonnossa vesi v\\u00e4r\\u00e4htelee niin kuin meiss\\u00e4 ihmisiss\\u00e4kin.<br \\\/>\\u00c4\\u00e4ni ulottuu sinne minne hoitajan k\\u00e4det eiv\\u00e4t yll\\u00e4, aina solutasolle asti. Hoito auttaa meid\\u00e4n kehoa rentoutumaan ja mielt\\u00e4 tasaantumaan. Hoidossa \\u00e4\\u00e4nimaljoja soitetaan kehon eri osissa. Hoito voidaan tehd\\u00e4 my\\u00f6s ryhmille, jolloin \\u00e4\\u00e4niaallot tavoittaa jokaisen ilman maljojen kosketusta fyysiseen kehoon.<\\\/p>\\n\n\n<p style=\\\"text-align: left;\\\">\\u00c4\\u00e4ni ja v\\u00e4r\\u00e4htely pyrkii saamaan kehon v\\u00e4r\\u00e4htely tason harmoniseksi. \\u00c4\\u00e4nimalja hoito soveltuu monenlaisiin kehon ja mielen haasteiden hoitoon. Syv\\u00e4rentoutukseen, silloin kun haluat helpotusta stressin tuomiin ahdistuksiin. Keskittymish\\u00e4iri\\u00f6\\u00f6n, unettomuuteen ja kaikkeen mik\\u00e4 kehossa on ep\\u00e4tasapainossa.<\\\/p>\\n<\\\/div>\\n\n\n<p style=\\\"text-align: left;\\\">Yksil\\u00f6hoitona:<\\\/p>\\n\n\n<p style=\\\"text-align: left;\\\">Saat yksil\\u00f6hoidon matkan omaan itseesi. Olemalla l\\u00e4sn\\u00e4 omassa kehossa \\u00e4\\u00e4nimaljojen \\u00e4\\u00e4nen viedess\\u00e4 sinut syv\\u00e4\\u00e4n olemukseen. Antamalla aikaa juuri itsellesi. T\\u00e4rkeimm\\u00e4lle ihmiselle omassa el\\u00e4m\\u00e4ss\\u00e4si. Vapauttamaan stressitiloja ja tuntemuksia. Palauttaen oman kehon tasapainon t\\u00e4ss\\u00e4 hetkess\\u00e4.<\\\/p>\\n\n\n<p style=\\\"text-align: left;\\\">Ryhmille:<\\\/p>\\n\n\n<div>\\n\n\n<div>\\n\n\n<ul>\\n\n\n<li style=\\\"text-align: left;\\\">\\u00c4\\u00e4nimalja ryhmille r\\u00e4\\u00e4t\\u00e4l\\u00f6id\\u00e4\\u00e4n ryhm\\u00e4n tarpeiden mukaisesti.<\\\/li>\\n\n\n<li style=\\\"text-align: left;\\\">Osallistujia voi olla 2-20 ja my\\u00f6s enemm\\u00e4n jos ryhm\\u00e4 niin m\\u00e4\\u00e4rittelee.<\\\/li>\\n\n\n<li style=\\\"text-align: left;\\\">Ryhm\\u00e4ss\\u00e4 voi olla niin lapset ja aikuiset. Koostua miehist\\u00e4 ja naisista.<\\\/li>\\n\n\n<li style=\\\"text-align: left;\\\">Ryhm\\u00e4ss\\u00e4 voi olla niin ensikertalaiset kuin kauemmin \\u00e4\\u00e4nimaljahoidoissa k\\u00e4yneet konkarit.<\\\/li>\\n<\\\/ul>\\n\n\n<p>Ota yhteytt\\u00e4 suoraan minuun, jotta voimme juuri sinun ryhm\\u00e4lle r\\u00e4\\u00e4t\\u00e4l\\u00f6id\\u00e4 oikeanlainen kokonaisuus.<\\\/p>\\n\n\n<p>johanna@purppurapuu.fi<\\\/p>\\n<\\\/div>\\n<\\\/div>\\n<\\\/div>\",\"content_column_breakpoint\":\"m\",\"icon_width\":80,\"image_align\":\"top\",\"image_grid_breakpoint\":\"m\",\"image_grid_width\":\"1-2\",\"image_svg_color\":\"emphasis\",\"link_style\":\"default\",\"link_text\":\"Read more\",\"margin\":\"default\",\"maxwidth\":\"xlarge\",\"meta\":\"\",\"meta_align\":\"above-title\",\"meta_element\":\"h1\",\"meta_style\":\"text-meta\",\"title\":\"Tiibetil\\u00e4inen \\u00e4\\u00e4nimalja hoito\",\"title_align\":\"top\",\"title_color\":\"primary\",\"title_element\":\"div\",\"title_grid_breakpoint\":\"m\",\"title_grid_width\":\"1-2\",\"title_hover_style\":\"reset\",\"title_style\":\"h1\"}},{\"type\":\"video\",\"props\":{\"margin\":\"default\",\"text_align\":\"center\",\"video\":\"https:\\\/\\\/www.youtube.com\\\/watch?v=vyNl1hKJGXk\",\"video_controls\":true,\"video_height\":\"400\"}},{\"type\":\"text\",\"props\":{\"column_breakpoint\":\"m\",\"content\":\"\n\n<h1>Qi gong ja \\u00c4\\u00e4nimaljat<\\\/h1>\\n\n\n<div class=\\\"xdj266r x11i5rnm xat24cr x1mh8g0r x1vvkbs\\\">Tervetuloa kokemaan Qi Gong ja \\u00c4\\u00e4nimaljat yhdess\\u00e4. Qi Gong on kiinalainen oppi, joka tarkoittaa liikett\\u00e4, hengityst\\u00e4 vapaasti omassa kehossa. Pyrkim\\u00e4tt\\u00e4 liikaa ohjaamaan kehoa liikkeeseen, vaan vapaasti hengityksen avulla vieden el\\u00e4m\\u00e4n hengityst\\u00e4 eli Qi energiaa kehon jokaiseen osaan.<\\\/div>\\n\n\n<div class=\\\"x11i5rnm xat24cr x1mh8g0r x1vvkbs xtlvy1s\\\">Liike sarjat ovat helppoja ja sopivat jokaiselle, ei tarvitse olla notkea tai hyv\\u00e4 kuntoinen. Jokainen tekee omaan tahtiin omaan kehon sallimissa tahdissa.<\\\/div>\\n\n\n<div><\\\/div>\\n\n\n<div>Tarjoan yrityksille ja yhteis\\u00f6ille Tyky-p\\u00e4ivi\\u00e4 Qigong ja \\u00e4\\u00e4nimaljojen syv\\u00e4rentoutus menetelm\\u00e4\\u00e4, kokea oma keho, mieli ja tietoisuus. Keholle keveytt\\u00e4 liikesarjojen kautta, jossa avain sana on hengitys ja \\u00e4\\u00e4nimaljojen \\u00e4\\u00e4nen johdolla keho saa syv\\u00e4rentoutuksen, jossa stressitilat kevenee ja keho p\\u00e4\\u00e4see luonnolliseen tasapainoon.<\\\/div>\\n\n\n<div><\\\/div>\\n\n\n<div>Yhteyden otot suoraan minulle ja sovimme teid\\u00e4n yhteis\\u00f6lle sopiva hetki.<\\\/div>\\n\n\n<div><\\\/div>\\n\n\n<div>Johanna Ketola\\u00a0<\\\/div>\\n\n\n<div>johanna@purppurapuu.fi<\\\/div>\\n\n\n<div>0503228420<\\\/div>\",\"margin\":\"default\"}}]},{\"type\":\"column\",\"props\":{\"image_position\":\"center-center\",\"position_sticky_breakpoint\":\"m\",\"style\":\"tile-muted\",\"vertical_align\":\"middle\",\"width_medium\":\"1-2\"},\"children\":[{\"type\":\"image\",\"props\":{\"animation\":\"parallax\",\"image\":\"wp-content\\\/uploads\\\/2025\\\/06\\\/Green-and-Beige-Yoga-Instagram-Post.png\",\"image_svg_color\":\"emphasis\",\"image_width\":\"840\",\"margin\":\"default\",\"parallax_breakpoint\":\"l\",\"parallax_easing\":\"1\",\"parallax_x\":\"-100,-50\"}}]}]}]},{\"type\":\"section\",\"props\":{\"image_position\":\"center-center\",\"style\":\"default\",\"title_breakpoint\":\"xl\",\"title_position\":\"top-left\",\"title_rotation\":\"left\",\"vertical_align\":\"middle\",\"width\":\"default\"},\"children\":[{\"type\":\"row\",\"children\":[{\"type\":\"column\",\"props\":{\"image_position\":\"center-center\",\"position_sticky_breakpoint\":\"m\"}}]}]}],\"version\":\"4.5.31\"} --><\/p>\n","protected":false},"excerpt":{"rendered":"<p>Tiibetil\u00e4inen \u00e4\u00e4nimalja hoito Tiibetil\u00e4inen \u00c4\u00e4nimalja hoito on 5000 vuotta vanha syv\u00e4rentoutus menetelm\u00e4, joka perustuu Veda-menetelm\u00e4\u00e4n. \u00c4\u00e4nell\u00e4 on valtavan parantava ja hoitava vaikutus. \u00c4\u00e4nimaljojen \u00e4\u00e4net vaikuttavat meihin my\u00f6t\u00e4v\u00e4r\u00e4htelyn ja \u00e4\u00e4niaaltojen avulla. Meid\u00e4n kehomme koostuu p\u00e4\u00e4osin vedest\u00e4, ja luonnossa vesi v\u00e4r\u00e4htelee niin kuin meiss\u00e4 ihmisiss\u00e4kin.\u00c4\u00e4ni ulottuu sinne minne hoitajan k\u00e4det eiv\u00e4t yll\u00e4, aina solutasolle asti. Hoito auttaa [&hellip;]<\/p>\n","protected":false},"author":1,"featured_media":0,"parent":0,"menu_order":0,"comment_status":"closed","ping_status":"closed","template":"","meta":{"_acf_changed":false,"footnotes":""},"class_list":["post-1255","page","type-page","status-publish","hentry"],"acf":[],"_links":{"self":[{"href":"https:\/\/purppurapuu.fi\/index.php?rest_route=\/wp\/v2\/pages\/1255","targetHints":{"allow":["GET"]}}],"collection":[{"href":"https:\/\/purppurapuu.fi\/index.php?rest_route=\/wp\/v2\/pages"}],"about":[{"href":"https:\/\/purppurapuu.fi\/index.php?rest_route=\/wp\/v2\/types\/page"}],"author":[{"embeddable":true,"href":"https:\/\/purppurapuu.fi\/index.php?rest_route=\/wp\/v2\/users\/1"}],"replies":[{"embeddable":true,"href":"https:\/\/purppurapuu.fi\/index.php?rest_route=%2Fwp%2Fv2%2Fcomments&post=1255"}],"version-history":[{"count":31,"href":"https:\/\/purppurapuu.fi\/index.php?rest_route=\/wp\/v2\/pages\/1255\/revisions"}],"predecessor-version":[{"id":1586,"href":"https:\/\/purppurapuu.fi\/index.php?rest_route=\/wp\/v2\/pages\/1255\/revisions\/1586"}],"wp:attachment":[{"href":"https:\/\/purppurapuu.fi\/index.php?rest_route=%2Fwp%2Fv2%2Fmedia&parent=1255"}],"curies":[{"name":"wp","href":"https:\/\/api.w.org\/{rel}","templated":true}]}}