{"id":1181,"date":"2022-10-13T10:25:02","date_gmt":"2022-10-13T10:25:02","guid":{"rendered":"https:\/\/purppurapuu.art\/?page_id=1181"},"modified":"2025-08-18T12:36:46","modified_gmt":"2025-08-18T12:36:46","slug":"kuka","status":"publish","type":"page","link":"https:\/\/purppurapuu.fi\/?page_id=1181","title":{"rendered":"Kuka?"},"content":{"rendered":"<h1>\n<p class=\"has-text-align-center\" style=\"text-align: left;\">Tietoja minusta ja Purppura Puusta<\/p>\n<\/h1>\n<div>\n<p class=\"has-text-align-center has-ek-typography\" style=\"text-align: left;\">Hei, Olen Johanna Ketola, Purppura Puun omistaja. Tervetuloa sivuilleni.<\/p>\n<p><em><strong>&#8221;Purppura puu, T\u00e4\u00e4ll\u00e4 hiljaisuus ei ole tyhjyytt\u00e4, vaan uusi alku.<\/strong><\/em><\/p>\n<p><strong><em>Kun polkusi vaikeutuu, olen sinulle sillantekij\u00e4.<\/em><\/strong><\/p>\n<p><strong><em> Sumu, joka edess\u00e4si laskeutuu, jotta sinun valosi saa j\u00e4lleen loistaa.&#8221;<\/em><\/strong><\/p>\n<h4><strong>Lupaus Sinulle<\/strong><\/h4>\n<p class=\"has-text-align-center has-ek-typography\" style=\"text-align: left;\"><em>Purppura Puu luo maailmoja siihen, jolloin el\u00e4m\u00e4n polku on risteyksess\u00e4. Joskus el\u00e4m\u00e4n tilanteet aikuisuudessa j\u00e4tt\u00e4\u00e4 meihin j\u00e4ljet, joita mieli ja alitajunta ohjailee omassa arjessa. Kiinnitymme omaan ohjaksiin ja luovuuden puute ja el\u00e4m\u00e4n n\u00e4ytt\u00e4m\u00f6 saattaa alkaa tuntua painolastilta hartioilla. Kunnes tila alkaa tuntua ahtaalta. Saatamme jopa menett\u00e4\u00e4 el\u00e4m\u00e4n liekkimme siin\u00e4, jopa tarkoin suunnitellussa el\u00e4m\u00e4n laadussa. Miellytt\u00e4j\u00e4 meiss\u00e4 alkaa olla v\u00e4synyt arjen tempoon, mik\u00e4 vaikuttaa kokonaisvaltaiseen hyvinvointiin.<\/em><\/p>\n<p><em>Purppura Puu tuo sinut j\u00e4lleen l\u00e4hemm\u00e4ksi omaa itse\u00e4si, jotta sinun arkesi voi olla se kivajalka. Jossa saat l\u00f6yt\u00e4\u00e4 j\u00e4lleen itsesi. Luovuuden, ilon ja el\u00e4misen laadun. Jopa sellainen, joka osaa luoda ja n\u00e4hd\u00e4 tulevaisuuden kuvia horisontissa. Kuin lapsi, joka osaa leikin avulla ihastella uutta maailmaa.<\/em><\/p>\n<p class=\"has-text-align-center has-ek-typography\" style=\"text-align: left;\">Olen kouluttautunut Suomen hypnoosiliiton hyv\u00e4ksym\u00e4\u00e4n Hypnoosi- ja mentaalivalmentajaksi. Ty\u00f6ss\u00e4ni otan vastaan ihmisi\u00e4, jotka kaipaavat omaan el\u00e4m\u00e4\u00e4n vapautta erilaisista peloista, ahdistuksista tai totutuista tavoista. Sellaisista, jotka rajoittavat omaa el\u00e4misen arkea ja vapautta el\u00e4\u00e4 ilman pelkoja. Hypnoosi auttaa ihmist\u00e4 purkamaan alitajuisia toimintamalleja lempe\u00e4sti ja auttaa kohtaamaan vaikeampiakin asioita omassa el\u00e4m\u00e4ss\u00e4\u00e4n. Eheytyminen tapahtuu aina jokaista ihmist\u00e4 kunnioittaen omalla tahdillaan. Jokaiselle sopivalla tavalla. T\u00e4ll\u00e4 tavalla jokainen saa omaan el\u00e4m\u00e4\u00e4ns\u00e4 uudenlaista vapautta ja tilaa muodostaa uudenlaisen el\u00e4misen taajuuden el\u00e4\u00e4 omaa el\u00e4m\u00e4\u00e4ns\u00e4 eteenp\u00e4in.<\/p>\n<p>Ty\u00f6t\u00e4ni hypnoosivalmentajana tukee koulutukseni energiahoitajana. Olen valmistunut useasta energiahoitaja koulusta ja edennyt kouluttajaksi asti. Saan tehd\u00e4 ty\u00f6t\u00e4ni syd\u00e4mell\u00e4 ja l\u00e4ht\u00f6kohtaisesti aina ihmist\u00e4 kunnioittaen. Siit\u00e4 mihin jokainen on valmis siihen kohtaan vastaanottamaan omassa el\u00e4m\u00e4ss\u00e4\u00e4n. Annan l\u00e4sn\u00e4oloni ja oman tarinani ohjata el\u00e4m\u00e4n virrassa.<\/p>\n<p class=\"has-text-align-center has-ek-typography\" style=\"text-align: left;\">Rentoutan my\u00f6s asiakkaitani Tiibetil\u00e4isill\u00e4 \u00e4\u00e4nimaljahoidoilla, sek\u00e4 yksil\u00f6- ett\u00e4 ryhm\u00e4hoito tapahtumina. Hieronta asiakkaille olen opiskellut intialaista p\u00e4\u00e4nhierontaa ja Qua Sha hierontaa.<\/p>\n<p class=\"has-text-align-center has-ek-typography\" style=\"text-align: left;\">Olen ollut aina kiinnostunut ihmisten hyvinvoinnista ja henkisest\u00e4 hyvinvoinnista, josta minulla on suuri kokemus kampaaja uraltani, joten aloin tutkimaan henkisest\u00e4 hyvinvoinnista olevia ratkaisuja. Aloin tutustumaan itseen eri tavalla, n\u00e4kem\u00e4\u00e4n itseni. Kuka min\u00e4 todellisuudessa olinkaan. Kun t\u00e4m\u00e4 polku avautui itselleni, maailma aukesi samalla esille hyvin eritavalla. Kaikkine v\u00e4reineen ja mahdollisuuksineen. Kaikki t\u00e4m\u00e4 sai alulle uuden ajatuksen yritykselleni. Purppura Puun synnylle. Alkoi uusi aika minulle ja eheytymiselle. Kaikkien ajatuksien ja unelmien kautta aloin luomaan uutta.<\/p>\n<p class=\"has-text-align-center has-ek-typography\" style=\"text-align: left;\">Aiemmalta koulutukseltani olen parturi-kampaaja ja olen nyt erikoistunut luonnonmukaisiin hiusten hoitoihin, kuten savivaalennuksiin ja kasviv\u00e4rj\u00e4yksiin, sill\u00e4 luonnonmukaisuus on ekologisuus ovat l\u00e4hell\u00e4 syd\u00e4nt\u00e4ni.\u00a0<\/p>\n<\/div>\n<ul>\n<li><a href=\"https:\/\/www.facebook.com\/purppurapuu\">facebook<\/a>\n<\/li>\n<li><a href=\"https:\/\/www.instagram.com\/purppura_puu\/\">instagram<\/a>\n<\/li>\n<li><a href=\"https:\/\/www.youtube.com\/@purppurapuu219\">youtube<\/a>\n<\/li>\n<\/ul>\n<p><img decoding=\"async\" src=\"\/wp-content\/uploads\/2023\/10\/omakuva3-kotisivut-scaled.jpg\" alt=\"\"><\/p>\n<h2>Yhteystiedot<\/h2>\n<div>\n<h3><span class=\"x4k7w5x x1h91t0o x1h9r5lt xv2umb2 x1beo9mf xaigb6o x12ejxvf x3igimt xarpa2k xedcshv x1lytzrv x1t2pt76 x7ja8zs x1qrby5j x1jfb8zj\">Johanna Ketola<\/span><\/h3>\n<\/div>\n<ul>\n<li>\n<p><a href=\"mailto:johanna@purppurapuu.fi\"><\/p>\n<p>johanna@purppurapuu.fi<\/p>\n<p><\/a><\/p>\n<\/li>\n<li>\n<p><a href=\"https:\/\/goo.gl\/maps\/x3Lgp8sNJAaQtHGK7\"><\/p>\n<p class=\"has-text-align-center\" style=\"text-align: left;\">Laihiantie 27, 66400 Laihia<\/p>\n<p><\/a><\/p>\n<\/li>\n<li>\n<p><a href=\"tel:+358503228420\"><\/p>\n<p class=\"has-text-align-center has-ek-typography\" style=\"text-align: left;\">050 322 8420<\/p>\n<p><\/a><\/p>\n<\/li>\n<\/ul>\n<h2>Erikoistuminen<\/h2>\n<ul>\n<li>\n<h3>Rentoutus ja Hypnoosivalmentaja SHL<\/h3>\n<\/li>\n<li>\n<h3>Kultaisen s\u00e4teen Sekhem ykseyden liekki Master ja opettaja<\/h3>\n<\/li>\n<li>\n<h3>Kundalini Reiki Master ja opettaja<\/h3>\n<\/li>\n<li>\n<h3>Tiibetil\u00e4inen \u00c4\u00e4nimaljahoitaja<\/h3>\n<\/li>\n<li>\n<h3>Maa&#8217;a \u00c4iti Maa energiahoitaja<\/h3>\n<\/li>\n<li>\n<h3>Usui Reiki<\/h3>\n<\/li>\n<li>\n<h3>Minfullness practitioner<\/h3>\n<\/li>\n<\/ul>\n<p><!--more--><br \/>\n<!-- {\"type\":\"layout\",\"children\":[{\"name\":\"Hero\",\"type\":\"section\",\"props\":{\"animation\":\"fade\",\"height\":\"viewport\",\"height_offset_top\":true,\"height_viewport\":80,\"image_loading\":true,\"image_position\":\"center-center\",\"image_size\":\"cover\",\"image_width\":\"2560\",\"media_background\":\"#fff\",\"style\":\"muted\",\"text_color\":\"light\",\"title_breakpoint\":\"xl\",\"title_position\":\"top-left\",\"title_rotation\":\"left\",\"vertical_align\":\"middle\",\"width\":\"default\"},\"children\":[{\"type\":\"row\",\"props\":{\"column_gap\":\"large\",\"layout\":\"1-2,1-2\",\"margin\":\"large\",\"row_gap\":\"large\"},\"children\":[{\"type\":\"column\",\"props\":{\"image_position\":\"center-center\",\"position_sticky_breakpoint\":\"m\",\"width_medium\":\"1-2\"},\"children\":[{\"type\":\"headline\",\"props\":{\"animation\":\"slide-left-medium\",\"content\":\"\n\n<p class=\\\"has-text-align-center\\\" style=\\\"text-align: left;\\\">Tietoja minusta ja Purppura Puusta<\\\/p>\",\"maxwidth\":\"large\",\"title_element\":\"h1\"}},{\"type\":\"text\",\"props\":{\"column_breakpoint\":\"m\",\"content\":\"\n\n<p class=\\\"has-text-align-center has-ek-typography\\\" style=\\\"text-align: left;\\\">Hei, Olen Johanna Ketola, Purppura Puun omistaja. Tervetuloa sivuilleni.<\\\/p>\\n\n\n<p><em><strong>\\\"Purppura puu, T\\u00e4\\u00e4ll\\u00e4 hiljaisuus ei ole tyhjyytt\\u00e4, vaan uusi alku.<\\\/strong><\\\/em><\\\/p>\\n\n\n<p><strong><em>Kun polkusi vaikeutuu, olen sinulle sillantekij\\u00e4.<\\\/em><\\\/strong><\\\/p>\\n\n\n<p><strong><em> Sumu, joka edess\\u00e4si laskeutuu, jotta sinun valosi saa j\\u00e4lleen loistaa.\\\"<\\\/em><\\\/strong><\\\/p>\\n\n\n<h4><strong>Lupaus Sinulle<\\\/strong><\\\/h4>\\n\n\n<p class=\\\"has-text-align-center has-ek-typography\\\" style=\\\"text-align: left;\\\"><em>Purppura Puu luo maailmoja siihen, jolloin el\\u00e4m\\u00e4n polku on risteyksess\\u00e4. Joskus el\\u00e4m\\u00e4n tilanteet aikuisuudessa j\\u00e4tt\\u00e4\\u00e4 meihin j\\u00e4ljet, joita mieli ja alitajunta ohjailee omassa arjessa. Kiinnitymme omaan ohjaksiin ja luovuuden puute ja el\\u00e4m\\u00e4n n\\u00e4ytt\\u00e4m\\u00f6 saattaa alkaa tuntua painolastilta hartioilla. Kunnes tila alkaa tuntua ahtaalta. Saatamme jopa menett\\u00e4\\u00e4 el\\u00e4m\\u00e4n liekkimme siin\\u00e4, jopa tarkoin suunnitellussa el\\u00e4m\\u00e4n laadussa. Miellytt\\u00e4j\\u00e4 meiss\\u00e4 alkaa olla v\\u00e4synyt arjen tempoon, mik\\u00e4 vaikuttaa kokonaisvaltaiseen hyvinvointiin.<\\\/em><\\\/p>\\n\n\n<p><em>Purppura Puu tuo sinut j\\u00e4lleen l\\u00e4hemm\\u00e4ksi omaa itse\\u00e4si, jotta sinun arkesi voi olla se kivajalka. Jossa saat l\\u00f6yt\\u00e4\\u00e4 j\\u00e4lleen itsesi. Luovuuden, ilon ja el\\u00e4misen laadun. Jopa sellainen, joka osaa luoda ja n\\u00e4hd\\u00e4 tulevaisuuden kuvia horisontissa. Kuin lapsi, joka osaa leikin avulla ihastella uutta maailmaa.<\\\/em><\\\/p>\\n\n\n<p class=\\\"has-text-align-center has-ek-typography\\\" style=\\\"text-align: left;\\\">Olen kouluttautunut Suomen hypnoosiliiton hyv\\u00e4ksym\\u00e4\\u00e4n Hypnoosi- ja mentaalivalmentajaksi. Ty\\u00f6ss\\u00e4ni otan vastaan ihmisi\\u00e4, jotka kaipaavat omaan el\\u00e4m\\u00e4\\u00e4n vapautta erilaisista peloista, ahdistuksista tai totutuista tavoista. Sellaisista, jotka rajoittavat omaa el\\u00e4misen arkea ja vapautta el\\u00e4\\u00e4 ilman pelkoja. Hypnoosi auttaa ihmist\\u00e4 purkamaan alitajuisia toimintamalleja lempe\\u00e4sti ja auttaa kohtaamaan vaikeampiakin asioita omassa el\\u00e4m\\u00e4ss\\u00e4\\u00e4n. Eheytyminen tapahtuu aina jokaista ihmist\\u00e4 kunnioittaen omalla tahdillaan. Jokaiselle sopivalla tavalla. T\\u00e4ll\\u00e4 tavalla jokainen saa omaan el\\u00e4m\\u00e4\\u00e4ns\\u00e4 uudenlaista vapautta ja tilaa muodostaa uudenlaisen el\\u00e4misen taajuuden el\\u00e4\\u00e4 omaa el\\u00e4m\\u00e4\\u00e4ns\\u00e4 eteenp\\u00e4in.<\\\/p>\\n\n\n<p>Ty\\u00f6t\\u00e4ni hypnoosivalmentajana tukee koulutukseni energiahoitajana. Olen valmistunut useasta energiahoitaja koulusta ja edennyt kouluttajaksi asti. Saan tehd\\u00e4 ty\\u00f6t\\u00e4ni syd\\u00e4mell\\u00e4 ja l\\u00e4ht\\u00f6kohtaisesti aina ihmist\\u00e4 kunnioittaen. Siit\\u00e4 mihin jokainen on valmis siihen kohtaan vastaanottamaan omassa el\\u00e4m\\u00e4ss\\u00e4\\u00e4n. Annan l\\u00e4sn\\u00e4oloni ja oman tarinani ohjata el\\u00e4m\\u00e4n virrassa.<\\\/p>\\n\n\n<p class=\\\"has-text-align-center has-ek-typography\\\" style=\\\"text-align: left;\\\">Rentoutan my\\u00f6s asiakkaitani Tiibetil\\u00e4isill\\u00e4 \\u00e4\\u00e4nimaljahoidoilla, sek\\u00e4 yksil\\u00f6- ett\\u00e4 ryhm\\u00e4hoito tapahtumina. Hieronta asiakkaille olen opiskellut intialaista p\\u00e4\\u00e4nhierontaa ja Qua Sha hierontaa.<\\\/p>\\n\n\n<p class=\\\"has-text-align-center has-ek-typography\\\" style=\\\"text-align: left;\\\">Olen ollut aina kiinnostunut ihmisten hyvinvoinnista ja henkisest\\u00e4 hyvinvoinnista, josta minulla on suuri kokemus kampaaja uraltani, joten aloin tutkimaan henkisest\\u00e4 hyvinvoinnista olevia ratkaisuja. Aloin tutustumaan itseen eri tavalla, n\\u00e4kem\\u00e4\\u00e4n itseni. Kuka min\\u00e4 todellisuudessa olinkaan. Kun t\\u00e4m\\u00e4 polku avautui itselleni, maailma aukesi samalla esille hyvin eritavalla. Kaikkine v\\u00e4reineen ja mahdollisuuksineen. Kaikki t\\u00e4m\\u00e4 sai alulle uuden ajatuksen yritykselleni. Purppura Puun synnylle. Alkoi uusi aika minulle ja eheytymiselle. Kaikkien ajatuksien ja unelmien kautta aloin luomaan uutta.<\\\/p>\\n\n\n<p class=\\\"has-text-align-center has-ek-typography\\\" style=\\\"text-align: left;\\\">Aiemmalta koulutukseltani olen parturi-kampaaja ja olen nyt erikoistunut luonnonmukaisiin hiusten hoitoihin, kuten savivaalennuksiin ja kasviv\\u00e4rj\\u00e4yksiin, sill\\u00e4 luonnonmukaisuus on ekologisuus ovat l\\u00e4hell\\u00e4 syd\\u00e4nt\\u00e4ni.\\u00a0<\\\/p>\",\"margin\":\"default\"}},{\"type\":\"social\",\"props\":{\"grid\":\"horizontal\",\"grid_column_gap\":\"small\",\"grid_row_gap\":\"small\",\"image_svg_inline\":true,\"link_style\":\"button\",\"margin\":\"medium\"},\"children\":[{\"type\":\"social_item\",\"props\":{\"link\":\"https:\\\/\\\/www.facebook.com\\\/purppurapuu\"}},{\"type\":\"social_item\",\"props\":{\"link\":\"https:\\\/\\\/www.instagram.com\\\/purppura_puu\\\/\"}},{\"type\":\"social_item\",\"props\":{\"link\":\"https:\\\/\\\/www.youtube.com\\\/@purppurapuu219\"}}]}]},{\"type\":\"column\",\"props\":{\"image_position\":\"center-center\",\"position_sticky_breakpoint\":\"m\",\"width_medium\":\"1-2\"},\"children\":[{\"type\":\"image\",\"props\":{\"image\":\"wp-content\\\/uploads\\\/2023\\\/10\\\/omakuva3-kotisivut-scaled.jpg\",\"image_height\":500,\"image_svg_color\":\"emphasis\",\"image_width\":500,\"margin\":\"default\"}}]}]}]},{\"name\":\"About\",\"type\":\"section\",\"props\":{\"image_position\":\"center-center\",\"image_size\":\"cover\",\"padding\":\"large\",\"padding_remove_bottom\":false,\"style\":\"default\",\"title_breakpoint\":\"xl\",\"title_position\":\"top-left\",\"title_rotation\":\"left\",\"vertical_align\":\"\",\"width\":\"default\"},\"children\":[{\"type\":\"row\",\"props\":{\"margin\":\"medium\"},\"children\":[{\"type\":\"column\",\"props\":{\"image_position\":\"center-center\",\"position_sticky_breakpoint\":\"m\",\"vertical_align\":\"middle\",\"width_medium\":\"1-1\"},\"children\":[{\"type\":\"headline\",\"props\":{\"content\":\"Yhteystiedot\",\"title_decoration\":\"line\",\"title_element\":\"h2\",\"title_style\":\"h3\"}},{\"type\":\"text\",\"props\":{\"block_align\":\"right\",\"column_breakpoint\":\"m\",\"content\":\"\n\n<h3><span class=\\\"x4k7w5x x1h91t0o x1h9r5lt xv2umb2 x1beo9mf xaigb6o x12ejxvf x3igimt xarpa2k xedcshv x1lytzrv x1t2pt76 x7ja8zs x1qrby5j x1jfb8zj\\\">Johanna Ketola<\\\/span><\\\/h3>\",\"margin\":\"medium\",\"maxwidth\":\"2xlarge\"}},{\"type\":\"list\",\"props\":{\"block_align\":\"right\",\"column_breakpoint\":\"m\",\"image_align\":\"left\",\"image_svg_color\":\"emphasis\",\"image_vertical_align\":true,\"link_style\":\"text\",\"list_element\":\"ul\",\"list_horizontal_separator\":\", \",\"list_size\":\"large\",\"list_type\":\"vertical\",\"margin\":\"medium\",\"maxwidth\":\"2xlarge\",\"show_image\":true,\"show_link\":true},\"children\":[{\"type\":\"list_item\",\"props\":{\"content\":\"\n\n<p>johanna@purppurapuu.fi<\\\/p>\",\"icon\":\"mail\",\"image_alt\":\"email\",\"link\":\"mailto:johanna@purppurapuu.fi\"}},{\"type\":\"list_item\",\"props\":{\"content\":\"\n\n<p class=\\\"has-text-align-center\\\" style=\\\"text-align: left;\\\">Laihiantie 27, 66400 Laihia<\\\/p>\",\"icon\":\"location\",\"link\":\"https:\\\/\\\/goo.gl\\\/maps\\\/x3Lgp8sNJAaQtHGK7\"}},{\"type\":\"list_item\",\"props\":{\"content\":\"\n\n<p class=\\\"has-text-align-center has-ek-typography\\\" style=\\\"text-align: left;\\\">050 322 8420<\\\/p>\",\"icon\":\"receiver\",\"image_alt\":\"phone number\",\"link\":\"tel:+358503228420\"}}]}]}]},{\"type\":\"row\",\"props\":{\"margin\":\"medium\"},\"children\":[{\"type\":\"column\",\"props\":{\"image_position\":\"center-center\",\"position_sticky_breakpoint\":\"m\",\"width_medium\":\"1-1\"},\"children\":[{\"type\":\"headline\",\"props\":{\"content\":\"Erikoistuminen\",\"title_decoration\":\"line\",\"title_element\":\"h2\",\"title_style\":\"h3\"}},{\"type\":\"description_list\",\"props\":{\"block_align\":\"right\",\"column_breakpoint\":\"m\",\"layout\":\"grid-2\",\"list_element\":\"ul\",\"list_size\":\"large\",\"margin\":\"medium\",\"maxwidth\":\"2xlarge\",\"meta_align\":\"below-content\",\"meta_style\":\"text-meta\",\"show_content\":true,\"show_link\":true,\"show_meta\":true,\"show_title\":true,\"title_colon\":false,\"title_element\":\"div\",\"title_grid_column_gap\":\"small\",\"title_grid_row_gap\":\"small\",\"title_grid_width\":\"auto\"},\"children\":[{\"type\":\"description_list_item\",\"props\":{\"content\":\"\",\"link\":\"#\",\"title\":\"Rentoutus ja Hypnoosivalmentaja SHL\"}},{\"type\":\"description_list_item\",\"props\":{\"content\":\"\",\"link\":\"#\",\"title\":\"Kultaisen s\\u00e4teen Sekhem ykseyden liekki Master ja opettaja\"}},{\"type\":\"description_list_item\",\"props\":{\"content\":\"\",\"link\":\"#\",\"title\":\"Kundalini Reiki Master ja opettaja\"}},{\"type\":\"description_list_item\",\"props\":{\"content\":\"\",\"link\":\"#\",\"title\":\"Tiibetil\\u00e4inen \\u00c4\\u00e4nimaljahoitaja\"}},{\"type\":\"description_list_item\",\"props\":{\"content\":\"\",\"link\":\"#\",\"title\":\"Maa'a \\u00c4iti Maa energiahoitaja\"}},{\"type\":\"description_list_item\",\"props\":{\"content\":\"\",\"link\":\"#\",\"title\":\"Usui Reiki\"}},{\"type\":\"description_list_item\",\"props\":{\"title\":\"Minfullness practitioner\"}}]}]}]}]}],\"version\":\"4.5.24\"} --><\/p>\n","protected":false},"excerpt":{"rendered":"<p>Tietoja minusta ja Purppura Puusta Hei, Olen Johanna Ketola, Purppura Puun omistaja. Tervetuloa sivuilleni. &#8221;Purppura puu, T\u00e4\u00e4ll\u00e4 hiljaisuus ei ole tyhjyytt\u00e4, vaan uusi alku. Kun polkusi vaikeutuu, olen sinulle sillantekij\u00e4. Sumu, joka edess\u00e4si laskeutuu, jotta sinun valosi saa j\u00e4lleen loistaa.&#8221; Lupaus Sinulle Purppura Puu luo maailmoja siihen, jolloin el\u00e4m\u00e4n polku on risteyksess\u00e4. Joskus el\u00e4m\u00e4n tilanteet [&hellip;]<\/p>\n","protected":false},"author":1,"featured_media":0,"parent":0,"menu_order":0,"comment_status":"closed","ping_status":"closed","template":"","meta":{"_acf_changed":false,"footnotes":""},"class_list":["post-1181","page","type-page","status-publish","hentry"],"acf":[],"_links":{"self":[{"href":"https:\/\/purppurapuu.fi\/index.php?rest_route=\/wp\/v2\/pages\/1181","targetHints":{"allow":["GET"]}}],"collection":[{"href":"https:\/\/purppurapuu.fi\/index.php?rest_route=\/wp\/v2\/pages"}],"about":[{"href":"https:\/\/purppurapuu.fi\/index.php?rest_route=\/wp\/v2\/types\/page"}],"author":[{"embeddable":true,"href":"https:\/\/purppurapuu.fi\/index.php?rest_route=\/wp\/v2\/users\/1"}],"replies":[{"embeddable":true,"href":"https:\/\/purppurapuu.fi\/index.php?rest_route=%2Fwp%2Fv2%2Fcomments&post=1181"}],"version-history":[{"count":48,"href":"https:\/\/purppurapuu.fi\/index.php?rest_route=\/wp\/v2\/pages\/1181\/revisions"}],"predecessor-version":[{"id":1555,"href":"https:\/\/purppurapuu.fi\/index.php?rest_route=\/wp\/v2\/pages\/1181\/revisions\/1555"}],"wp:attachment":[{"href":"https:\/\/purppurapuu.fi\/index.php?rest_route=%2Fwp%2Fv2%2Fmedia&parent=1181"}],"curies":[{"name":"wp","href":"https:\/\/api.w.org\/{rel}","templated":true}]}}