{"id":1162,"date":"2022-10-13T10:13:07","date_gmt":"2022-10-13T10:13:07","guid":{"rendered":"https:\/\/purppurapuu.art\/?page_id=1162"},"modified":"2025-11-04T12:34:49","modified_gmt":"2025-11-04T12:34:49","slug":"ajanvaraus","status":"publish","type":"page","link":"https:\/\/purppurapuu.fi\/?page_id=1162","title":{"rendered":"Ajanvaraus ja hinnasto palveluille"},"content":{"rendered":"<ul>\n<li>\n<p>        <img decoding=\"async\" src=\"\/wp-content\/uploads\/2022\/10\/Purppurapuu_etusivu_energiahoidot.jpg\" alt=\"\"><\/p>\n<\/li>\n<li>\n<p>        <img decoding=\"async\" src=\"\/wp-content\/uploads\/2022\/10\/Purppurapuu_etusivu_aamimaljat_1920.jpg\" alt=\"\"><\/p>\n<\/li>\n<li>\n<p>        <img decoding=\"async\" src=\"\/wp-content\/uploads\/2022\/10\/Purppurapuu_etusivu_intialainen_paahieronta_1920.jpg\" alt=\"\"><\/p>\n<\/li>\n<\/ul>\n<h1>Ajanvaraus ja Hinnasto<\/h1>\n<div>\n<p class=\"has-ek-typography\"><strong>Varaa aikasi alla olevasta ajanvarauskalenteristani.<\/strong><\/p>\n<p class=\"has-ek-typography\"><em> Valitse ensin:<\/em><\/p>\n<p class=\"has-ek-typography\">Palvelukategoriasta palvelu ja sen j\u00e4lkeen voit varata sinulle sopivan ajan kalenterista. Jos et l\u00f6yd\u00e4 mieleist\u00e4si aikaa voit olla yhteydess\u00e4 minuun viestill\u00e4 tai soitolla, niin l\u00f6ydet\u00e4\u00e4n sinulle sopiva aika.<\/p>\n<p>&#8211; <span class=\"x4k7w5x x1h91t0o x1h9r5lt xv2umb2 x1beo9mf xaigb6o x12ejxvf x3igimt xarpa2k xedcshv x1lytzrv x1t2pt76 x7ja8zs x1qrby5j x1jfb8zj\">Johanna Ketola<\/span>\u00a0<a href=\"tel:+358503228420\">0503228420<\/a> \u2013<\/p>\n<\/div>\n<div>\n<div id=\"vello-wizard\"><\/div><script type=\"text\/javascript\" language=\"javascript\">(function(d,s,i,c,j,a){a=d.getElementsByTagName(s)[0];if(d.getElementById(i))return;j=d.createElement(s);j.id=i;j.async=1;j.setAttribute(\"data-c\",c);j.src=\"https:\/\/static.vello.fi\/js\/wizard\/vwiz.js\";a.parentNode.insertBefore(j,a);}(document,\"script\",\"vello-wizard-sdk\",\"purppurapuu\"));<\/script>\n<\/div>\n<p><img decoding=\"async\" src=\"\/wp-content\/uploads\/2025\/11\/Green-White-and-Gold-Elegant-Wedding-Price-List.png\" alt=\"\"><\/p>\n<p><!--more--><br \/>\n<!-- {\"type\":\"layout\",\"children\":[{\"type\":\"section\",\"props\":{\"image_position\":\"center-center\",\"padding\":\"none\",\"style\":\"default\",\"title_breakpoint\":\"xl\",\"title_position\":\"top-left\",\"title_rotation\":\"left\",\"vertical_align\":\"\",\"width\":\"\"},\"children\":[{\"type\":\"row\",\"props\":{\"column_gap\":\"collapse\",\"layout\":\"1-2,1-2\",\"margin\":\"xlarge\",\"row_gap\":\"large\"},\"children\":[{\"type\":\"column\",\"props\":{\"image_position\":\"center-center\",\"position_sticky_breakpoint\":\"m\",\"vertical_align\":\"middle\",\"width_medium\":\"1-2\"},\"children\":[{\"type\":\"slideshow\",\"props\":{\"container_padding_remove\":true,\"image_loading\":true,\"image_width\":\"960\",\"link_style\":\"default\",\"link_text\":\"Read more\",\"margin\":\"remove-vertical\",\"meta_align\":\"below-title\",\"meta_element\":\"div\",\"meta_style\":\"text-meta\",\"nav\":\"thumbnav\",\"nav_align\":\"center\",\"nav_breakpoint\":\"\",\"nav_position\":\"bottom-center\",\"nav_position_margin\":\"medium\",\"overlay_animation\":\"parallax\",\"overlay_position\":\"center-left\",\"show_content\":true,\"show_link\":true,\"show_meta\":true,\"show_thumbnail\":true,\"show_title\":false,\"slidenav\":\"\",\"slidenav_breakpoint\":\"s\",\"slidenav_margin\":\"medium\",\"slidenav_outside_breakpoint\":\"xl\",\"slideshow_animation\":\"fade\",\"slideshow_autoplay_pause\":true,\"slideshow_height\":\"viewport\",\"slideshow_height_offset_top\":true,\"slideshow_min_height\":\"600\",\"thumbnav_height\":\"75\",\"thumbnav_nowrap\":true,\"thumbnav_svg_color\":\"emphasis\",\"thumbnav_width\":\"100\",\"title_element\":\"h3\",\"title_hover_style\":\"reset\"},\"children\":[{\"type\":\"slideshow_item\",\"props\":{\"image\":\"wp-content\\\/uploads\\\/2022\\\/10\\\/Purppurapuu_etusivu_energiahoidot.jpg\",\"title\":\"\"}},{\"type\":\"slideshow_item\",\"props\":{\"image\":\"wp-content\\\/uploads\\\/2022\\\/10\\\/Purppurapuu_etusivu_aamimaljat_1920.jpg\"}},{\"type\":\"slideshow_item\",\"props\":{\"image\":\"wp-content\\\/uploads\\\/2022\\\/10\\\/Purppurapuu_etusivu_intialainen_paahieronta_1920.jpg\"}}]}]},{\"type\":\"column\",\"props\":{\"image_position\":\"center-center\",\"position_sticky_breakpoint\":\"m\",\"style\":\"tile-default\",\"vertical_align\":\"middle\",\"width_medium\":\"1-2\"},\"children\":[{\"type\":\"headline\",\"props\":{\"block_align\":\"center\",\"content\":\"Ajanvaraus ja Hinnasto\",\"maxwidth\":\"2xlarge\",\"maxwidth_breakpoint\":\"m\",\"title_element\":\"h1\"}},{\"type\":\"text\",\"props\":{\"block_align\":\"center\",\"column_breakpoint\":\"m\",\"content\":\"\n\n<p class=\\\"has-ek-typography\\\"><strong>Varaa aikasi alla olevasta ajanvarauskalenteristani.<\\\/strong><\\\/p>\\n\n\n<p class=\\\"has-ek-typography\\\"><em> Valitse ensin:<\\\/em><\\\/p>\\n\n\n<p class=\\\"has-ek-typography\\\">Palvelukategoriasta palvelu ja sen j\\u00e4lkeen voit varata sinulle sopivan ajan kalenterista. Jos et l\\u00f6yd\\u00e4 mieleist\\u00e4si aikaa voit olla yhteydess\\u00e4 minuun viestill\\u00e4 tai soitolla, niin l\\u00f6ydet\\u00e4\\u00e4n sinulle sopiva aika.<\\\/p>\\n\n\n<p>- <span class=\\\"x4k7w5x x1h91t0o x1h9r5lt xv2umb2 x1beo9mf xaigb6o x12ejxvf x3igimt xarpa2k xedcshv x1lytzrv x1t2pt76 x7ja8zs x1qrby5j x1jfb8zj\\\">Johanna Ketola<\\\/span>\\u00a0<a href=\\\"tel:+358503228420\\\">0503228420<\\\/a> \\u2013<\\\/p>\",\"margin\":\"default\",\"maxwidth\":\"2xlarge\"}},{\"type\":\"text\",\"props\":{\"block_align\":\"center\",\"column_breakpoint\":\"m\",\"content\":\"\n\n<p>[vello]<\\\/p>\",\"margin\":\"default\",\"maxwidth\":\"2xlarge\"}}]}]}],\"name\":\"Product\"},{\"type\":\"section\",\"props\":{\"image_position\":\"center-center\",\"style\":\"default\",\"title_breakpoint\":\"xl\",\"title_position\":\"top-left\",\"title_rotation\":\"left\",\"vertical_align\":\"\",\"width\":\"default\"},\"children\":[{\"type\":\"row\",\"children\":[{\"type\":\"column\",\"props\":{\"image_position\":\"center-center\",\"position_sticky_breakpoint\":\"m\"},\"children\":[{\"type\":\"image\",\"props\":{\"image\":\"wp-content\\\/uploads\\\/2025\\\/11\\\/Green-White-and-Gold-Elegant-Wedding-Price-List.png\",\"image_svg_color\":\"emphasis\",\"margin\":\"default\"}}]}]}]}],\"version\":\"4.5.31\"} --><\/p>\n","protected":false},"excerpt":{"rendered":"<p>Ajanvaraus ja Hinnasto Varaa aikasi alla olevasta ajanvarauskalenteristani. Valitse ensin: Palvelukategoriasta palvelu ja sen j\u00e4lkeen voit varata sinulle sopivan ajan kalenterista. Jos et l\u00f6yd\u00e4 mieleist\u00e4si aikaa voit olla yhteydess\u00e4 minuun viestill\u00e4 tai soitolla, niin l\u00f6ydet\u00e4\u00e4n sinulle sopiva aika. &#8211; Johanna Ketola\u00a00503228420 \u2013<\/p>\n","protected":false},"author":1,"featured_media":0,"parent":0,"menu_order":0,"comment_status":"closed","ping_status":"closed","template":"","meta":{"_acf_changed":false,"footnotes":""},"class_list":["post-1162","page","type-page","status-publish","hentry"],"acf":[],"_links":{"self":[{"href":"https:\/\/purppurapuu.fi\/index.php?rest_route=\/wp\/v2\/pages\/1162","targetHints":{"allow":["GET"]}}],"collection":[{"href":"https:\/\/purppurapuu.fi\/index.php?rest_route=\/wp\/v2\/pages"}],"about":[{"href":"https:\/\/purppurapuu.fi\/index.php?rest_route=\/wp\/v2\/types\/page"}],"author":[{"embeddable":true,"href":"https:\/\/purppurapuu.fi\/index.php?rest_route=\/wp\/v2\/users\/1"}],"replies":[{"embeddable":true,"href":"https:\/\/purppurapuu.fi\/index.php?rest_route=%2Fwp%2Fv2%2Fcomments&post=1162"}],"version-history":[{"count":23,"href":"https:\/\/purppurapuu.fi\/index.php?rest_route=\/wp\/v2\/pages\/1162\/revisions"}],"predecessor-version":[{"id":1585,"href":"https:\/\/purppurapuu.fi\/index.php?rest_route=\/wp\/v2\/pages\/1162\/revisions\/1585"}],"wp:attachment":[{"href":"https:\/\/purppurapuu.fi\/index.php?rest_route=%2Fwp%2Fv2%2Fmedia&parent=1162"}],"curies":[{"name":"wp","href":"https:\/\/api.w.org\/{rel}","templated":true}]}}